{"id":5169,"date":"2019-12-04T13:23:15","date_gmt":"2019-12-04T12:23:15","guid":{"rendered":"http:\/\/legaltouch.es\/?page_id=5169"},"modified":"2019-12-04T13:27:02","modified_gmt":"2019-12-04T12:27:02","slug":"qui-nous-sommes","status":"publish","type":"page","link":"https:\/\/www.legaltouch.es\/fr\/qui-nous-sommes\/","title":{"rendered":"Qui nous sommes"},"content":{"rendered":"<div>\n<h1>QUI SOMMES-NOUS ?<\/h1>\n<\/div>\n<h1>CREATE PRESENT<br \/>PROJETER L&rsquo;AVENIR<\/h1>\n<div>\n<p style=\"text-align: justify;\">Le travail partag\u00e9 jour apr\u00e8s jour \u00e0 partir de l&rsquo;\u00e9lection libre, peut \u00eatre le germe qui permet que diff\u00e9rents professionnels de qualit\u00e9, de la connaissance mutuelle progressive et libre, viennent configurer une structure encore plus solide et profonde pour le b\u00e9n\u00e9fice de services de conseil.<\/p>\n<p style=\"text-align: justify;\"><strong>Legal Touch<\/strong> est n\u00e9e avec la vocation de regrouper sous sa marque des cabinets d&rsquo;avocats, des \u00e9conomistes et des consultants engag\u00e9s dans <strong>l&rsquo;excellence professionnelle<\/strong>.<\/p>\n<\/div>\n<p><img decoding=\"async\" src=\"wp-content\/uploads\/2019\/11\/about.jpg\" alt=\"\"><\/p>\n<div>\n<p style=\"text-align: justify;\">Notre objectif est de fournir aux personnes physiques et morales des services juridiques et consultatifs dans les domaines de la pr\u00e9vention et du contentieux, dans un cadre national et international.<\/p>\n<\/div>\n<h3>Legal Touch fournit des services de qualit\u00e9 dans un environnement complexe et changeant.<\/h3>\n<div>\n<h3 style=\"text-align: justify;\"><i class=\"far fa-dot-circle\"><\/i>PR\u00c9CISION ET EXHAUSTIVIT\u00c9<\/h3>\n<p style=\"text-align: justify;\">Les professionnels de Legal Touch interviennent:<\/p>\n<\/div>\n<ul>\n<li>\n<h6>Conseil contentieux<\/h6>\n<div>\n<p>Le client aura la tranquillit\u00e9 d&rsquo;esprit que son probl\u00e8me reste entre les mains de professionnels qui le g\u00e8rent avec des crit\u00e8res d&rsquo;efficacit\u00e9, en veillant sur son int\u00e9r\u00eat.<\/p>\n<\/div>\n<\/li>\n<li>\n<h6>Conseils pr\u00e9ventifs<\/h6>\n<div>\n<p>Le client pourra prendre ses d\u00e9cisions en toute s\u00e9curit\u00e9 juridique et \u00e9conomique.<\/p>\n<\/div>\n<\/li>\n<\/ul>\n<div>\n<p style=\"text-align: justify;\">Les professionnels qui font partie de Legal Touch peuvent accompagner le client depuis la naissance de l&rsquo;id\u00e9e ou du projet jusqu&rsquo;\u00e0 sa derni\u00e8re r\u00e9alisation, en lui fournissant un conseil complet, qui assure le concret et la pr\u00e9cision sans oublier les objectifs g\u00e9n\u00e9raux.<\/p>\n<\/div>\n<p>\n    <a href=\"materias\/\">&nbsp;<b>CONNA\u00ceTRE TOUS NOS SERVICES<\/b><\/a>\n<\/p>\n<p><!-- {\"name\":\"Quienes somos\",\"type\":\"layout\",\"children\":[{\"type\":\"section\",\"props\":{\"style\":\"default\",\"width\":\"default\",\"vertical_align\":\"middle\",\"title_position\":\"top-left\",\"title_rotation\":\"left\",\"title_breakpoint\":\"xl\",\"image_position\":\"center-center\",\"text_color\":\"\",\"width_expand\":\"\",\"height\":\"\",\"padding\":\"\",\"header_transparent\":\"\",\"animation\":\"\",\"image\":\"wp-content\\\/uploads\\\/2019\\\/11\\\/header-legal.jpg\"},\"children\":[{\"type\":\"row\",\"props\":{\"layout\":\"fixed,\",\"breakpoint\":\"m\",\"fixed_width\":\"xxlarge\",\"column_gap\":\"\",\"row_gap\":\"\",\"width\":\"\",\"width_expand\":\"\",\"height\":\"\",\"margin\":\"\"},\"children\":[{\"type\":\"column\",\"props\":{\"image_position\":\"center-center\",\"media_overlay_gradient\":\"\",\"vertical_align\":\"\",\"style\":\"\",\"text_color\":\"\",\"padding\":\"\"},\"children\":[{\"type\":\"panel\",\"props\":{\"link_text\":\"Read more\",\"title_hover_style\":\"reset\",\"title_element\":\"h1\",\"title_align\":\"top\",\"title_grid_width\":\"1-2\",\"title_grid_breakpoint\":\"m\",\"meta_style\":\"meta\",\"meta_align\":\"below-title\",\"icon_ratio\":4,\"image_align\":\"top\",\"image_grid_width\":\"1-2\",\"image_grid_breakpoint\":\"m\",\"image_svg_color\":\"emphasis\",\"link_style\":\"default\",\"margin\":\"default\",\"panel_style\":\"card-primary\",\"panel_content_padding\":\"\",\"panel_size\":\"\",\"title_style\":\"h2\",\"title_decoration\":\"\",\"title_font_family\":\"\",\"title_color\":\"\",\"title_grid_column_gap\":\"\",\"title_grid_row_gap\":\"\",\"title_margin\":\"\",\"meta_color\":\"\",\"meta_margin\":\"\",\"content_style\":\"\",\"content_margin\":\"\",\"image_transition\":\"\",\"image_border\":\"\",\"image_box_shadow\":\"\",\"image_hover_box_shadow\":\"\",\"image_box_decoration\":\"\",\"icon_color\":\"\",\"image_grid_column_gap\":\"\",\"image_grid_row_gap\":\"\",\"image_margin\":\"\",\"link_type\":\"\",\"link_size\":\"\",\"link_margin\":\"\",\"position\":\"\",\"position_z_index\":\"\",\"maxwidth\":\"\",\"maxwidth_breakpoint\":\"\",\"block_align\":\"\",\"block_align_breakpoint\":\"\",\"block_align_fallback\":\"\",\"text_align\":\"\",\"text_align_breakpoint\":\"\",\"text_align_fallback\":\"\",\"animation\":\"\",\"visibility\":\"\",\"title\":\"QUI SOMMES-NOUS ?\"}}]},{\"type\":\"column\",\"props\":{\"image_position\":\"center-center\",\"media_overlay_gradient\":\"\",\"vertical_align\":\"\",\"style\":\"\",\"text_color\":\"\",\"padding\":\"\"},\"children\":[]}]}]},{\"type\":\"section\",\"props\":{\"style\":\"default\",\"width\":\"default\",\"vertical_align\":\"middle\",\"title_position\":\"top-left\",\"title_rotation\":\"left\",\"title_breakpoint\":\"xl\",\"image_position\":\"center-center\",\"text_color\":\"\",\"width_expand\":\"\",\"height\":\"\",\"padding\":\"small\",\"header_transparent\":\"\",\"animation\":\"\"},\"children\":[{\"type\":\"row\",\"props\":{\"layout\":\",\",\"breakpoint\":\"m\",\"fixed_width\":\"large\",\"column_gap\":\"\",\"row_gap\":\"\",\"width\":\"\",\"width_expand\":\"\",\"height\":\"\",\"margin\":\"\"},\"children\":[{\"type\":\"column\",\"props\":{\"image_position\":\"center-center\",\"media_overlay_gradient\":\"\",\"vertical_align\":\"\",\"style\":\"\",\"text_color\":\"\",\"padding\":\"\"},\"children\":[{\"type\":\"headline\",\"props\":{\"title_element\":\"h1\",\"title_style\":\"h2\",\"title_decoration\":\"bullet\",\"title_font_family\":\"\",\"title_color\":\"\",\"position\":\"\",\"position_z_index\":\"\",\"margin\":\"\",\"maxwidth\":\"\",\"maxwidth_breakpoint\":\"\",\"block_align\":\"\",\"block_align_breakpoint\":\"\",\"block_align_fallback\":\"\",\"text_align\":\"\",\"text_align_breakpoint\":\"\",\"text_align_fallback\":\"\",\"animation\":\"\",\"visibility\":\"\",\"content\":\"CREATE PRESENT<br \\\/>PROJETER L'AVENIR\"}},{\"type\":\"text\",\"props\":{\"margin\":\"default\",\"column_breakpoint\":\"m\",\"text_style\":\"\",\"text_color\":\"\",\"text_size\":\"\",\"column\":\"\",\"position\":\"\",\"position_z_index\":\"\",\"maxwidth\":\"\",\"maxwidth_breakpoint\":\"\",\"block_align\":\"\",\"block_align_breakpoint\":\"\",\"block_align_fallback\":\"\",\"text_align\":\"\",\"text_align_breakpoint\":\"\",\"text_align_fallback\":\"\",\"animation\":\"\",\"visibility\":\"\",\"content\":\"\n\n<p style=\\\"text-align: justify;\\\">Le travail partag\\u00e9 jour apr\\u00e8s jour \\u00e0 partir de l'\\u00e9lection libre, peut \\u00eatre le germe qui permet que diff\\u00e9rents professionnels de qualit\\u00e9, de la connaissance mutuelle progressive et libre, viennent configurer une structure encore plus solide et profonde pour le b\\u00e9n\\u00e9fice de services de conseil.<\\\/p>\\n\n\n<p style=\\\"text-align: justify;\\\"><strong>Legal Touch<\\\/strong> est n\\u00e9e avec la vocation de regrouper sous sa marque des cabinets d'avocats, des \\u00e9conomistes et des consultants engag\\u00e9s dans <strong>l'excellence professionnelle<\\\/strong>.<\\\/p>\"}}]},{\"type\":\"column\",\"props\":{\"image_position\":\"center-center\",\"media_overlay_gradient\":\"\",\"vertical_align\":\"\",\"style\":\"\",\"text_color\":\"\",\"padding\":\"\"},\"children\":[{\"type\":\"image\",\"props\":{\"margin\":\"default\",\"image_svg_color\":\"emphasis\",\"link_target\":\"\",\"image_border\":\"\",\"image_box_shadow\":\"\",\"image_hover_box_shadow\":\"\",\"image_box_decoration\":\"\",\"position\":\"\",\"position_z_index\":\"\",\"maxwidth\":\"\",\"maxwidth_breakpoint\":\"\",\"block_align\":\"\",\"block_align_breakpoint\":\"\",\"block_align_fallback\":\"\",\"text_align\":\"\",\"text_align_breakpoint\":\"\",\"text_align_fallback\":\"\",\"animation\":\"\",\"visibility\":\"\",\"image\":\"wp-content\\\/uploads\\\/2019\\\/11\\\/about.jpg\"}}]}]},{\"type\":\"row\",\"props\":{\"layout\":\"1-1\",\"breakpoint\":\"m\",\"fixed_width\":\"large\",\"column_gap\":\"\",\"row_gap\":\"\",\"width\":\"\",\"width_expand\":\"\",\"height\":\"\",\"margin\":\"\"},\"children\":[{\"type\":\"column\",\"props\":{\"image_position\":\"center-center\",\"media_overlay_gradient\":\"\",\"vertical_align\":\"\",\"style\":\"\",\"text_color\":\"\",\"padding\":\"\"},\"children\":[{\"type\":\"text\",\"props\":{\"margin\":\"default\",\"column_breakpoint\":\"m\",\"text_style\":\"\",\"text_color\":\"\",\"text_size\":\"\",\"column\":\"\",\"position\":\"\",\"position_z_index\":\"\",\"maxwidth\":\"\",\"maxwidth_breakpoint\":\"\",\"block_align\":\"\",\"block_align_breakpoint\":\"\",\"block_align_fallback\":\"\",\"text_align\":\"\",\"text_align_breakpoint\":\"\",\"text_align_fallback\":\"\",\"animation\":\"\",\"visibility\":\"\",\"content\":\"\n\n<p style=\\\"text-align: justify;\\\">Notre objectif est de fournir aux personnes physiques et morales des services juridiques et consultatifs dans les domaines de la pr\\u00e9vention et du contentieux, dans un cadre national et international.<\\\/p>\"}}]}]}]},{\"type\":\"section\",\"props\":{\"style\":\"secondary\",\"width\":\"default\",\"vertical_align\":\"middle\",\"title_position\":\"top-left\",\"title_rotation\":\"left\",\"title_breakpoint\":\"xl\",\"image_position\":\"center-center\",\"text_color\":\"\",\"width_expand\":\"\",\"height\":\"\",\"padding\":\"small\",\"header_transparent\":\"\",\"animation\":\"\",\"padding_remove_bottom\":false,\"padding_remove_top\":false,\"image\":\"wp-content\\\/uploads\\\/2019\\\/11\\\/fondo-sec.jpg\",\"image_size\":\"\",\"image_effect\":\"\",\"image_parallax_breakpoint\":\"\",\"image_visibility\":\"\",\"video_width\":\"\",\"video_height\":\"\",\"media_blend_mode\":\"darken\",\"media_background\":\"rgba(0, 0, 0, 0.6)\"},\"children\":[{\"type\":\"row\",\"props\":{\"layout\":\"1-1\",\"breakpoint\":\"m\",\"fixed_width\":\"large\",\"column_gap\":\"\",\"row_gap\":\"\",\"width\":\"\",\"width_expand\":\"\",\"height\":\"\",\"margin\":\"\"},\"children\":[{\"type\":\"column\",\"props\":{\"image_position\":\"center-center\",\"media_overlay_gradient\":\"\",\"vertical_align\":\"\",\"style\":\"\",\"text_color\":\"\",\"padding\":\"\"},\"children\":[{\"type\":\"headline\",\"props\":{\"title_element\":\"h3\",\"title_style\":\"h3\",\"title_decoration\":\"line\",\"title_font_family\":\"\",\"title_color\":\"\",\"position\":\"\",\"position_z_index\":\"\",\"margin\":\"\",\"maxwidth\":\"\",\"maxwidth_breakpoint\":\"\",\"block_align\":\"\",\"block_align_breakpoint\":\"\",\"block_align_fallback\":\"\",\"text_align\":\"center\",\"text_align_breakpoint\":\"\",\"text_align_fallback\":\"\",\"animation\":\"\",\"visibility\":\"\",\"content\":\"Legal Touch fournit des services de qualit\\u00e9 dans un environnement complexe et changeant.\"}}]}]}]},{\"type\":\"section\",\"props\":{\"style\":\"default\",\"width\":\"default\",\"vertical_align\":\"middle\",\"title_position\":\"top-left\",\"title_rotation\":\"left\",\"title_breakpoint\":\"xl\",\"image_position\":\"center-center\",\"text_color\":\"\",\"width_expand\":\"\",\"height\":\"\",\"padding\":\"\",\"header_transparent\":\"\",\"animation\":\"\"},\"children\":[{\"type\":\"row\",\"props\":{\"layout\":\"1-1\",\"breakpoint\":\"m\",\"fixed_width\":\"large\",\"column_gap\":\"\",\"row_gap\":\"\",\"width\":\"\",\"width_expand\":\"\",\"height\":\"\",\"margin\":\"\"},\"children\":[{\"type\":\"column\",\"props\":{\"image_position\":\"center-center\",\"media_overlay_gradient\":\"\",\"vertical_align\":\"\",\"style\":\"\",\"text_color\":\"\",\"padding\":\"\"},\"children\":[{\"type\":\"text\",\"props\":{\"margin\":\"default\",\"column_breakpoint\":\"m\",\"text_style\":\"\",\"text_color\":\"\",\"text_size\":\"\",\"column\":\"\",\"position\":\"\",\"position_z_index\":\"\",\"maxwidth\":\"\",\"maxwidth_breakpoint\":\"\",\"block_align\":\"\",\"block_align_breakpoint\":\"\",\"block_align_fallback\":\"\",\"text_align\":\"\",\"text_align_breakpoint\":\"\",\"text_align_fallback\":\"\",\"animation\":\"\",\"visibility\":\"\",\"content\":\"\n\n<h3 style=\\\"text-align: justify;\\\"><i class=\\\"far fa-dot-circle\\\"><\\\/i>PR\\u00c9CISION ET EXHAUSTIVIT\\u00c9<\\\/h3>\\n\n\n<p style=\\\"text-align: justify;\\\">Les professionnels de Legal Touch interviennent:<\\\/p>\"}},{\"type\":\"grid\",\"props\":{\"show_title\":true,\"show_meta\":true,\"show_content\":true,\"show_image\":true,\"show_link\":true,\"grid_default\":\"1\",\"grid_medium\":\"2\",\"filter_style\":\"tab\",\"filter_all\":true,\"filter_position\":\"top\",\"filter_align\":\"left\",\"filter_grid_width\":\"auto\",\"filter_grid_breakpoint\":\"m\",\"title_hover_style\":\"reset\",\"title_element\":\"h6\",\"title_align\":\"top\",\"title_grid_width\":\"1-2\",\"title_grid_breakpoint\":\"m\",\"meta_style\":\"meta\",\"meta_align\":\"below-title\",\"icon_ratio\":4,\"image_align\":\"top\",\"image_grid_width\":\"1-2\",\"image_grid_breakpoint\":\"m\",\"image_svg_color\":\"emphasis\",\"link_text\":\"Read more\",\"link_style\":\"default\",\"margin\":\"default\",\"item_animation\":\"\",\"grid_column_gap\":\"\",\"grid_row_gap\":\"\",\"grid_small\":\"\",\"grid_large\":\"\",\"grid_xlarge\":\"\",\"filter_margin\":\"\",\"filter_grid_column_gap\":\"\",\"filter_grid_row_gap\":\"\",\"title_display\":\"\",\"content_display\":\"\",\"panel_style\":\"\",\"panel_content_padding\":\"\",\"panel_size\":\"\",\"item_maxwidth\":\"\",\"title_style\":\"\",\"title_decoration\":\"bullet\",\"title_font_family\":\"\",\"title_color\":\"\",\"title_grid_column_gap\":\"\",\"title_grid_row_gap\":\"\",\"title_margin\":\"\",\"meta_color\":\"\",\"meta_margin\":\"\",\"content_style\":\"\",\"content_margin\":\"\",\"image_transition\":\"\",\"image_border\":\"\",\"image_box_shadow\":\"\",\"image_hover_box_shadow\":\"\",\"image_box_decoration\":\"\",\"icon_color\":\"\",\"image_grid_column_gap\":\"\",\"image_grid_row_gap\":\"\",\"image_margin\":\"\",\"link_type\":\"\",\"link_size\":\"\",\"link_margin\":\"\",\"position\":\"\",\"position_z_index\":\"\",\"maxwidth\":\"\",\"maxwidth_breakpoint\":\"\",\"block_align\":\"\",\"block_align_breakpoint\":\"\",\"block_align_fallback\":\"\",\"text_align\":\"\",\"text_align_breakpoint\":\"\",\"text_align_fallback\":\"\",\"visibility\":\"\"},\"children\":[{\"type\":\"grid_item\",\"props\":{\"title\":\"Conseil contentieux\",\"content\":\"\n\n<p>Le client aura la tranquillit\\u00e9 d'esprit que son probl\\u00e8me reste entre les mains de professionnels qui le g\\u00e8rent avec des crit\\u00e8res d'efficacit\\u00e9, en veillant sur son int\\u00e9r\\u00eat.<\\\/p>\"}},{\"type\":\"grid_item\",\"props\":{\"title\":\"Conseils pr\\u00e9ventifs\",\"content\":\"\n\n<p>Le client pourra prendre ses d\\u00e9cisions en toute s\\u00e9curit\\u00e9 juridique et \\u00e9conomique.<\\\/p>\"}}]},{\"type\":\"text\",\"props\":{\"margin\":\"default\",\"column_breakpoint\":\"m\",\"text_style\":\"\",\"text_color\":\"\",\"text_size\":\"\",\"column\":\"\",\"position\":\"\",\"position_z_index\":\"\",\"maxwidth\":\"\",\"maxwidth_breakpoint\":\"\",\"block_align\":\"\",\"block_align_breakpoint\":\"\",\"block_align_fallback\":\"\",\"text_align\":\"\",\"text_align_breakpoint\":\"\",\"text_align_fallback\":\"\",\"animation\":\"\",\"visibility\":\"\",\"content\":\"\n\n<p style=\\\"text-align: justify;\\\">Les professionnels qui font partie de Legal Touch peuvent accompagner le client depuis la naissance de l'id\\u00e9e ou du projet jusqu'\\u00e0 sa derni\\u00e8re r\\u00e9alisation, en lui fournissant un conseil complet, qui assure le concret et la pr\\u00e9cision sans oublier les objectifs g\\u00e9n\\u00e9raux.<\\\/p>\"}},{\"type\":\"button\",\"props\":{\"grid_column_gap\":\"small\",\"grid_row_gap\":\"small\",\"margin\":\"medium\",\"button_size\":\"large\",\"position\":\"\",\"position_z_index\":\"\",\"maxwidth\":\"\",\"maxwidth_breakpoint\":\"\",\"block_align\":\"\",\"block_align_breakpoint\":\"\",\"block_align_fallback\":\"\",\"text_align\":\"\",\"text_align_breakpoint\":\"\",\"text_align_fallback\":\"\",\"animation\":\"\",\"visibility\":\"\",\"fullwidth\":true},\"children\":[{\"type\":\"button_item\",\"props\":{\"button_style\":\"primary\",\"icon_align\":\"left\",\"link_target\":\"\",\"content\":\"&nbsp;<b>CONNA\\u00ceTRE TOUS NOS SERVICES<\\\/b>\",\"link\":\"materias\\\/\",\"icon\":\"info\"}}]}]}]}]}],\"version\":\"1.22.6\"} --><\/p>\n","protected":false},"excerpt":{"rendered":"<p>QUI SOMMES-NOUS ? CREATE PRESENTPROJETER L&rsquo;AVENIR Le travail partag\u00e9 jour apr\u00e8s jour \u00e0 partir de l&rsquo;\u00e9lection libre, peut \u00eatre le germe qui permet que diff\u00e9rents professionnels de qualit\u00e9, de la connaissance mutuelle progressive et libre, viennent configurer une structure encore plus solide et profonde pour le b\u00e9n\u00e9fice de services de conseil. Legal Touch est n\u00e9e [&hellip;]<\/p>\n","protected":false},"author":1,"featured_media":0,"parent":0,"menu_order":0,"comment_status":"closed","ping_status":"closed","template":"","meta":{"footnotes":""},"yoast_head":"<!-- This site is optimized with the Yoast SEO plugin v21.9.1 - https:\/\/yoast.com\/wordpress\/plugins\/seo\/ -->\n<title>Qui nous sommes - Legal Touch<\/title>\n<meta name=\"robots\" content=\"index, follow, max-snippet:-1, max-image-preview:large, max-video-preview:-1\" \/>\n<link rel=\"canonical\" href=\"https:\/\/www.legaltouch.es\/fr\/qui-nous-sommes\/\" class=\"yoast-seo-meta-tag\" \/>\n<meta property=\"og:locale\" content=\"fr_FR\" class=\"yoast-seo-meta-tag\" \/>\n<meta property=\"og:type\" content=\"article\" class=\"yoast-seo-meta-tag\" \/>\n<meta property=\"og:title\" content=\"Qui nous sommes - Legal Touch\" class=\"yoast-seo-meta-tag\" \/>\n<meta property=\"og:description\" content=\"QUI SOMMES-NOUS ? CREATE PRESENTPROJETER L&rsquo;AVENIR Le travail partag\u00e9 jour apr\u00e8s jour \u00e0 partir de l&rsquo;\u00e9lection libre, peut \u00eatre le germe qui permet que diff\u00e9rents professionnels de qualit\u00e9, de la connaissance mutuelle progressive et libre, viennent configurer une structure encore plus solide et profonde pour le b\u00e9n\u00e9fice de services de conseil. Legal Touch est n\u00e9e [&hellip;]\" class=\"yoast-seo-meta-tag\" \/>\n<meta property=\"og:url\" content=\"https:\/\/www.legaltouch.es\/fr\/qui-nous-sommes\/\" class=\"yoast-seo-meta-tag\" \/>\n<meta property=\"og:site_name\" content=\"Legal Touch\" class=\"yoast-seo-meta-tag\" \/>\n<meta property=\"article:modified_time\" content=\"2019-12-04T12:27:02+00:00\" class=\"yoast-seo-meta-tag\" \/>\n<meta name=\"twitter:card\" content=\"summary_large_image\" class=\"yoast-seo-meta-tag\" \/>\n<meta name=\"twitter:label1\" content=\"Dur\u00e9e de lecture estim\u00e9e\" class=\"yoast-seo-meta-tag\" \/>\n\t<meta name=\"twitter:data1\" content=\"1 minute\" class=\"yoast-seo-meta-tag\" \/>\n<script type=\"application\/ld+json\" class=\"yoast-schema-graph\">{\"@context\":\"https:\/\/schema.org\",\"@graph\":[{\"@type\":\"WebPage\",\"@id\":\"https:\/\/www.legaltouch.es\/fr\/qui-nous-sommes\/\",\"url\":\"https:\/\/www.legaltouch.es\/fr\/qui-nous-sommes\/\",\"name\":\"Qui nous sommes - Legal Touch\",\"isPartOf\":{\"@id\":\"https:\/\/www.legaltouch.es\/#website\"},\"datePublished\":\"2019-12-04T12:23:15+00:00\",\"dateModified\":\"2019-12-04T12:27:02+00:00\",\"breadcrumb\":{\"@id\":\"https:\/\/www.legaltouch.es\/fr\/qui-nous-sommes\/#breadcrumb\"},\"inLanguage\":\"fr-FR\",\"potentialAction\":[{\"@type\":\"ReadAction\",\"target\":[\"https:\/\/www.legaltouch.es\/fr\/qui-nous-sommes\/\"]}]},{\"@type\":\"BreadcrumbList\",\"@id\":\"https:\/\/www.legaltouch.es\/fr\/qui-nous-sommes\/#breadcrumb\",\"itemListElement\":[{\"@type\":\"ListItem\",\"position\":1,\"name\":\"Portada\",\"item\":\"https:\/\/www.legaltouch.es\/fr\/\"},{\"@type\":\"ListItem\",\"position\":2,\"name\":\"Qui nous sommes\"}]},{\"@type\":\"WebSite\",\"@id\":\"https:\/\/www.legaltouch.es\/#website\",\"url\":\"https:\/\/www.legaltouch.es\/\",\"name\":\"Legal Touch\",\"description\":\"\",\"potentialAction\":[{\"@type\":\"SearchAction\",\"target\":{\"@type\":\"EntryPoint\",\"urlTemplate\":\"https:\/\/www.legaltouch.es\/?s={search_term_string}\"},\"query-input\":\"required name=search_term_string\"}],\"inLanguage\":\"fr-FR\"}]}<\/script>\n<!-- \/ Yoast SEO plugin. -->","yoast_head_json":{"title":"Qui nous sommes - Legal Touch","robots":{"index":"index","follow":"follow","max-snippet":"max-snippet:-1","max-image-preview":"max-image-preview:large","max-video-preview":"max-video-preview:-1"},"canonical":"https:\/\/www.legaltouch.es\/fr\/qui-nous-sommes\/","og_locale":"fr_FR","og_type":"article","og_title":"Qui nous sommes - Legal Touch","og_description":"QUI SOMMES-NOUS ? CREATE PRESENTPROJETER L&rsquo;AVENIR Le travail partag\u00e9 jour apr\u00e8s jour \u00e0 partir de l&rsquo;\u00e9lection libre, peut \u00eatre le germe qui permet que diff\u00e9rents professionnels de qualit\u00e9, de la connaissance mutuelle progressive et libre, viennent configurer une structure encore plus solide et profonde pour le b\u00e9n\u00e9fice de services de conseil. Legal Touch est n\u00e9e [&hellip;]","og_url":"https:\/\/www.legaltouch.es\/fr\/qui-nous-sommes\/","og_site_name":"Legal Touch","article_modified_time":"2019-12-04T12:27:02+00:00","twitter_card":"summary_large_image","twitter_misc":{"Dur\u00e9e de lecture estim\u00e9e":"1 minute"},"schema":{"@context":"https:\/\/schema.org","@graph":[{"@type":"WebPage","@id":"https:\/\/www.legaltouch.es\/fr\/qui-nous-sommes\/","url":"https:\/\/www.legaltouch.es\/fr\/qui-nous-sommes\/","name":"Qui nous sommes - Legal Touch","isPartOf":{"@id":"https:\/\/www.legaltouch.es\/#website"},"datePublished":"2019-12-04T12:23:15+00:00","dateModified":"2019-12-04T12:27:02+00:00","breadcrumb":{"@id":"https:\/\/www.legaltouch.es\/fr\/qui-nous-sommes\/#breadcrumb"},"inLanguage":"fr-FR","potentialAction":[{"@type":"ReadAction","target":["https:\/\/www.legaltouch.es\/fr\/qui-nous-sommes\/"]}]},{"@type":"BreadcrumbList","@id":"https:\/\/www.legaltouch.es\/fr\/qui-nous-sommes\/#breadcrumb","itemListElement":[{"@type":"ListItem","position":1,"name":"Portada","item":"https:\/\/www.legaltouch.es\/fr\/"},{"@type":"ListItem","position":2,"name":"Qui nous sommes"}]},{"@type":"WebSite","@id":"https:\/\/www.legaltouch.es\/#website","url":"https:\/\/www.legaltouch.es\/","name":"Legal Touch","description":"","potentialAction":[{"@type":"SearchAction","target":{"@type":"EntryPoint","urlTemplate":"https:\/\/www.legaltouch.es\/?s={search_term_string}"},"query-input":"required name=search_term_string"}],"inLanguage":"fr-FR"}]}},"_links":{"self":[{"href":"https:\/\/www.legaltouch.es\/fr\/wp-json\/wp\/v2\/pages\/5169"}],"collection":[{"href":"https:\/\/www.legaltouch.es\/fr\/wp-json\/wp\/v2\/pages"}],"about":[{"href":"https:\/\/www.legaltouch.es\/fr\/wp-json\/wp\/v2\/types\/page"}],"author":[{"embeddable":true,"href":"https:\/\/www.legaltouch.es\/fr\/wp-json\/wp\/v2\/users\/1"}],"replies":[{"embeddable":true,"href":"https:\/\/www.legaltouch.es\/fr\/wp-json\/wp\/v2\/comments?post=5169"}],"version-history":[{"count":2,"href":"https:\/\/www.legaltouch.es\/fr\/wp-json\/wp\/v2\/pages\/5169\/revisions"}],"predecessor-version":[{"id":5171,"href":"https:\/\/www.legaltouch.es\/fr\/wp-json\/wp\/v2\/pages\/5169\/revisions\/5171"}],"wp:attachment":[{"href":"https:\/\/www.legaltouch.es\/fr\/wp-json\/wp\/v2\/media?parent=5169"}],"curies":[{"name":"wp","href":"https:\/\/api.w.org\/{rel}","templated":true}]}}